{"id":1019,"date":"2025-06-04T14:19:04","date_gmt":"2025-06-04T14:19:04","guid":{"rendered":"https:\/\/gaisriniai.keyboart.lt\/kontaktai\/"},"modified":"2025-06-30T14:58:23","modified_gmt":"2025-06-30T14:58:23","slug":"contacts","status":"publish","type":"page","link":"https:\/\/gaisriniai.keyboart.lt\/en\/contacts\/","title":{"rendered":"Contacts"},"content":{"rendered":"<section class=\"l-section wpb_row us_custom_46e101ab height_medium\" id=\"kontaktai\"><div class=\"l-section-h i-cf\"><div class=\"g-cols vc_row via_grid cols_1 laptops-cols_inherit tablets-cols_inherit mobiles-cols_1 valign_top type_default stacking_default\"><div class=\"wpb_column vc_column_container\"><div class=\"vc_column-inner\"><div class=\"w-image us_custom_55cd093b duk-circle align_right\"><div class=\"w-image-h\"><img decoding=\"async\" src=\"https:\/\/gaisriniai.keyboart.lt\/wp-content\/uploads\/Ellipse-22-1.svg\" class=\"attachment-full size-full\" alt=\"\" loading=\"lazy\" \/><\/div><\/div><div class=\"w-vwrapper align_none valign_middle us_custom_c98450ac us_animate_this\" style=\"--vwrapper-gap:0rem\"><h4 class=\"w-text\"><span class=\"w-text-h\"><span class=\"w-text-value\">Contacts<\/span><\/span><\/h4><\/div><div class=\"w-separator size_custom\" style=\"height:3rem\"><\/div><div class=\"g-cols wpb_row via_grid cols_2 laptops-cols_inherit tablets-cols_inherit mobiles-cols_1 valign_top type_default stacking_default\" style=\"--columns-gap:6rem;--laptops-columns-gap:6rem;--tablets-columns-gap:4rem;--mobiles-columns-gap:4rem;\"><div class=\"wpb_column vc_column_container us_custom_de366d1c us_animate_this\"><div class=\"vc_column-inner\"><div class=\"w-tabs layout_hor style_radio3 switch_click has_scrolling\" style=\"--sections-title-size:1em\"><div class=\"w-tabs-list items_2 align_none\"><div class=\"w-tabs-list-h\"><button class=\"w-tabs-item active\" aria-controls=\"content-yd3d\" aria-expanded=\"false\"><span class=\"w-tabs-item-title\">Contact us<\/span><\/button><button class=\"w-tabs-item\" aria-controls=\"content-te9e\" aria-expanded=\"false\"><span class=\"w-tabs-item-title\">Company details<\/span><\/button><\/div><\/div><div class=\"w-tabs-sections titles-align_none icon_chevron cpos_right\"><div class=\"w-tabs-section active\" id=\"yd3d\"><button class=\"w-tabs-section-header active\" aria-controls=\"content-yd3d\" aria-expanded=\"true\"><div class=\"w-tabs-section-title\">Contact us<\/div><div class=\"w-tabs-section-control\"><\/div><\/button><div  class=\"w-tabs-section-content\" id=\"content-yd3d\"><div class=\"w-tabs-section-content-h i-cf\"><h6 class=\"w-text footer-heading\"><span class=\"w-text-h\"><span class=\"w-text-value\">Contact us<\/span><\/span><\/h6><div class=\"w-html footer-html-separator\"><\/div><div class=\"wpb_text_column us_custom_ac8b81f6\"><div class=\"wpb_wrapper\"><p>General inquiries and questions about the approval of certificates for incomplete construction or construction completion declarations:<\/p>\n<\/div><\/div><div class=\"w-separator size_custom\" style=\"height:1rem\"><\/div><div class=\"w-iconbox footer-tel iconpos_left style_default color_custom align_left no_text\"><a href=\"tel:+370 675 16 647\" class=\"w-iconbox-link\" aria-label=\"+370 675 16 647\"><div class=\"w-iconbox-icon\" style=\"font-size:22px;--icon-color:#000000;\"><i class=\"fal fa-phone-alt\"><\/i><\/div><\/a><div class=\"w-iconbox-meta\"><span class=\"w-iconbox-title\" style=\"font-size:17px;\"><a href=\"tel:+370 675 16 647\" class=\"w-iconbox-link\" aria-label=\"+370 675 16 647\">+370 675 16 647<\/a><\/span><\/div><\/div><div class=\"w-separator size_custom\" style=\"height:1rem\"><\/div><div class=\"w-iconbox iconpos_left style_default color_custom align_left no_text\"><a href=\"mailto:info@gaisriniaityrimai.lt\" class=\"w-iconbox-link\" aria-label=\"info@gaisriniaityrimai.lt\"><div class=\"w-iconbox-icon\" style=\"font-size:22px;--icon-color:#000000;\"><i class=\"fal fa-envelope-open\"><\/i><\/div><\/a><div class=\"w-iconbox-meta\"><span class=\"w-iconbox-title\" style=\"font-size:17px;\"><a href=\"mailto:info@gaisriniaityrimai.lt\" class=\"w-iconbox-link\" aria-label=\"info@gaisriniaityrimai.lt\">info@gaisriniaityrimai.lt<\/a><\/span><\/div><\/div><div class=\"w-separator size_custom\" style=\"height:2.5rem\"><\/div><div class=\"wpb_text_column\"><div class=\"wpb_wrapper\"><p>Expertise-related inquiries:<\/p>\n<\/div><\/div><div class=\"w-separator size_custom\" style=\"height:1rem\"><\/div><div class=\"w-iconbox footer-tel iconpos_left style_default color_custom align_left no_text\"><a href=\"tel:+370 608 40 477\" class=\"w-iconbox-link\" aria-label=\"+370 608 40 477\"><div class=\"w-iconbox-icon\" style=\"font-size:22px;--icon-color:#000000;\"><i class=\"fal fa-phone-alt\"><\/i><\/div><\/a><div class=\"w-iconbox-meta\"><span class=\"w-iconbox-title\" style=\"font-size:17px;\"><a href=\"tel:+370 608 40 477\" class=\"w-iconbox-link\" aria-label=\"+370 608 40 477\">+370 608 40 477<\/a><\/span><\/div><\/div><div class=\"w-separator size_custom\" style=\"height:1rem\"><\/div><div class=\"w-iconbox iconpos_left style_default color_custom align_left no_text\"><a href=\"mailto:ekspertize@gaisriniaityrimai.lt\" class=\"w-iconbox-link\" aria-label=\"ekspertize@gaisriniaityrimai.lt\"><div class=\"w-iconbox-icon\" style=\"font-size:22px;--icon-color:#000000;\"><i class=\"fal fa-envelope-open\"><\/i><\/div><\/a><div class=\"w-iconbox-meta\"><span class=\"w-iconbox-title\" style=\"font-size:17px;\"><a href=\"mailto:ekspertize@gaisriniaityrimai.lt\" class=\"w-iconbox-link\" aria-label=\"ekspertize@gaisriniaityrimai.lt\">ekspertize@gaisriniaityrimai.lt<\/a><\/span><\/div><\/div><\/div><\/div><\/div><div class=\"w-tabs-section\" id=\"te9e\"><button class=\"w-tabs-section-header\" aria-controls=\"content-te9e\" aria-expanded=\"false\"><div class=\"w-tabs-section-title\">Company details<\/div><div class=\"w-tabs-section-control\"><\/div><\/button><div  class=\"w-tabs-section-content\" id=\"content-te9e\"><div class=\"w-tabs-section-content-h i-cf\"><h6 class=\"w-text footer-heading\"><span class=\"w-text-h\"><span class=\"w-text-value\">Company details<\/span><\/span><\/h6><div class=\"w-html footer-html-separator\"><\/div><div class=\"wpb_text_column us_custom_80a192e9\"><div class=\"wpb_wrapper\"><p>UAB \u201eGaisriniai tyrimai\u201c<br \/>\nVismaliuk\u0173 g. 34A, 10243, Vilnius<br \/>\n\u012emon\u0117s kodas: 300527564<br \/>\nPVM mok\u0117tojo kodas: LT100005606714<\/p>\n<\/div><\/div><\/div><\/div><\/div><\/div><\/div><\/div><\/div><div class=\"wpb_column vc_column_container us_custom_47d40b1d us_animate_this\"><div class=\"vc_column-inner\"><div class=\"w-vwrapper align_none valign_top formos-wrapperis\" style=\"--vwrapper-gap:0.7rem\"><h6 class=\"w-text footer-heading\"><span class=\"w-text-h\"><span class=\"w-text-value\">Contact form<\/span><\/span><\/h6><div class=\"w-separator size_custom\" style=\"height:0.2rem\"><\/div><form class=\"w-form  us-field-style_1 layout_ver show_message_after_sending for_cform us_form_1\" action=\"https:\/\/gaisriniai.keyboart.lt\/en\/wp-json\/wp\/v2\/pages\/1019\" method=\"post\"><div class=\"w-form-h\"><div class=\"w-form-row for_text\">\r\n\t\t<div class=\"w-form-row-field\">\r\n\t\t\t\t\t\t<input aria-label=\"Name\" type=\"text\" name=\"us_form_1_text_1\" value placeholder=\"Name\"\/>\r\n\t\t\t<\/div>\r\n\t\t<div class=\"w-form-row-state\">Fill out this field<\/div>\r\n<\/div>\r\n<div class=\"w-form-row for_email required\">\r\n\t\t<div class=\"w-form-row-field\">\r\n\t\t\t\t\t\t<input aria-label=\"Email address\" type=\"email\" name=\"us_form_1_email_1\" value placeholder=\"Email address *\" data-required=\"true\" aria-required=\"true\"\/>\r\n\t\t\t<\/div>\r\n\t\t<div class=\"w-form-row-state\">Please enter a valid email address.<\/div>\r\n<\/div>\r\n<div class=\"w-form-row for_text\">\r\n\t\t<div class=\"w-form-row-field\">\r\n\t\t\t\t\t\t<input aria-label=\"Phone number\" inputmode=\"tel\" type=\"text\" name=\"us_form_1_text_2\" value placeholder=\"Phone number\"\/>\r\n\t\t\t<\/div>\r\n\t\t<div class=\"w-form-row-state\">Fill out this field<\/div>\r\n<\/div>\r\n<div class=\"w-form-row for_textarea\">\r\n\t\t<div class=\"w-form-row-field\">\r\n\t\t\t\t\t\t<textarea aria-label=\"Your message\" name=\"us_form_1_textarea_1\" placeholder=\"Your message\"><\/textarea>\r\n\t\t\t<\/div>\r\n\t\t<div class=\"w-form-row-state\">Fill out this field<\/div>\r\n<\/div>\r\n<input type=\"hidden\" name=\"action\" value=\"us_ajax_cform\" \/>\r\n<input type=\"hidden\" name=\"post_id\" value=\"0\" \/>\r\n<input type=\"hidden\" name=\"form_index\" value=\"1\" \/>\r\n<div class=\"w-form-row for_submit align_justify\"><button class=\"w-btn us-btn-style_3\" type=\"submit\" aria-label=\"Send\"><span class=\"g-preloader type_1\"><\/span><span class=\"w-btn-label\">Send<\/span><\/button><\/div><\/div><div class=\"w-form-message\"><\/div><div class=\"w-form-json hidden\" onclick='return {&quot;ajaxurl&quot;:&quot;https:\\\/\\\/gaisriniai.keyboart.lt\\\/wp-admin\\\/admin-ajax.php&quot;,&quot;messages&quot;:{&quot;err_empty&quot;:&quot;Fill out this field&quot;,&quot;err_size&quot;:&quot;File size cannot exceed %s MB&quot;,&quot;err_extension&quot;:&quot;%s file type is not allowed&quot;,&quot;err_recaptcha_keys&quot;:&quot;reCAPTCHA keys are incorrect&quot;}}'><\/div><\/form><\/div><\/div><\/div><\/div><div class=\"w-separator size_custom\" style=\"height:2.5rem\"><\/div><div class=\"w-vwrapper align_right valign_top\" style=\"--vwrapper-gap:0rem\"><div class=\"w-text us_custom_3e0668d0 has_text_color\"><span class=\"w-text-h\"><span class=\"w-text-value\">2025 \u00a9 Gaisriniai tyrimai. All rights reserved.<\/span><\/span><\/div><div class=\"w-text us_custom_780f12f7 has_text_color\"><a href=\"\/en\/privacy-policy\/\" class=\"w-text-h\"><span class=\"w-text-value\">Privacy policy<\/span><\/a><\/div><\/div><\/div><\/div><\/div><\/div><\/section>\n","protected":false},"excerpt":{"rendered":"ContactsContact usCompany detailsContact usContact usGeneral inquiries and questions about the approval of certificates for incomplete construction or construction completion declarations: +370 675 16 647info@gaisriniaityrimai.ltExpertise-related inquiries: +370 608 40 477ekspertize@gaisriniaityrimai.ltCompany detailsCompany detailsUAB \u201eGaisriniai tyrimai\u201c Vismaliuk\u0173 g. 34A, 10243, Vilnius \u012emon\u0117s kodas: 300527564 PVM mok\u0117tojo kodas: LT100005606714 Contact form Fill out this field Please enter a valid...","protected":false},"author":1,"featured_media":0,"parent":0,"menu_order":0,"comment_status":"closed","ping_status":"closed","template":"","meta":{"footnotes":""},"class_list":["post-1019","page","type-page","status-publish","hentry"],"_links":{"self":[{"href":"https:\/\/gaisriniai.keyboart.lt\/en\/wp-json\/wp\/v2\/pages\/1019","targetHints":{"allow":["GET"]}}],"collection":[{"href":"https:\/\/gaisriniai.keyboart.lt\/en\/wp-json\/wp\/v2\/pages"}],"about":[{"href":"https:\/\/gaisriniai.keyboart.lt\/en\/wp-json\/wp\/v2\/types\/page"}],"author":[{"embeddable":true,"href":"https:\/\/gaisriniai.keyboart.lt\/en\/wp-json\/wp\/v2\/users\/1"}],"replies":[{"embeddable":true,"href":"https:\/\/gaisriniai.keyboart.lt\/en\/wp-json\/wp\/v2\/comments?post=1019"}],"version-history":[{"count":8,"href":"https:\/\/gaisriniai.keyboart.lt\/en\/wp-json\/wp\/v2\/pages\/1019\/revisions"}],"predecessor-version":[{"id":1125,"href":"https:\/\/gaisriniai.keyboart.lt\/en\/wp-json\/wp\/v2\/pages\/1019\/revisions\/1125"}],"wp:attachment":[{"href":"https:\/\/gaisriniai.keyboart.lt\/en\/wp-json\/wp\/v2\/media?parent=1019"}],"curies":[{"name":"wp","href":"https:\/\/api.w.org\/{rel}","templated":true}]}}